{"id":2,"date":"2013-03-11T10:52:19","date_gmt":"2013-03-11T08:52:19","guid":{"rendered":"http:\/\/binderdental.at\/?page_id=2"},"modified":"2023-05-22T14:18:33","modified_gmt":"2023-05-22T12:18:33","slug":"beispiel-seite","status":"publish","type":"page","link":"https:\/\/binderdental.at\/","title":{"rendered":""},"content":{"rendered":"<div>\n<div>\n<div id=\"spalteeins\">\n<div id=\"fliesstext\"><strong>Herzlich willkommen auf der Website der Dentallabor Binder GmbH.<\/strong><\/div>\n<div><\/div>\n<div><\/div>\n<div>Unser Labor ist ein Familienbetrieb, der seit 1978 in Deutschlandsberg besteht und von Uwe Binder geleitet wird. Durch regelm\u00e4\u00dfige Weiterbildung und Teilnahme an Kongressen und Symposien ist das Labor immer auf dem neuesten Stand. Das zw\u00f6lfk\u00f6pfige Team, bestehend aus Spezialisten, die in verschiedensten Bereichen der Zahntechnik t\u00e4tig sind, sorgt daf\u00fcr, dass wir dem hohen Qualit\u00e4tsanspruch gerecht werden.<\/div>\n<div>Die lange Tradition, die Arbeit mit qualitativ hochwertigen Materialien und ein hochmotiviertes Team geben Zahn\u00e4rzten die Sicherheit, die sie f\u00fcr die Arbeit mit Ihren Patienten brauchen. Daher freuen wir uns dar\u00fcber, Zahn\u00e4rzte in ganz \u00d6sterreich zu ihrer Zufriedenheit beliefern zu d\u00fcrfen.<\/div>\n<div><\/div>\n<div>F\u00fcr Ausk\u00fcnfte oder Anfragen kontaktieren Sie uns und wir werden uns um Ihr Anliegen bem\u00fchen.<\/div>\n<\/div>\n<\/div>\n<\/div>\n","protected":false},"excerpt":{"rendered":"<p>Herzlich willkommen auf der Website der Dentallabor Binder GmbH. Unser Labor ist ein Familienbetrieb, der seit 1978 in Deutschlandsberg besteht und von Uwe Binder geleitet wird. Durch regelm\u00e4\u00dfige Weiterbildung und Teilnahme an Kongressen und Symposien ist das Labor immer auf &hellip; <a href=\"https:\/\/binderdental.at\/\">Weiterlesen <span class=\"meta-nav\">&rarr;<\/span><\/a><\/p>\n","protected":false},"author":1,"featured_media":0,"parent":0,"menu_order":0,"comment_status":"closed","ping_status":"closed","template":"","meta":{"ngg_post_thumbnail":0,"footnotes":""},"_links":{"self":[{"href":"https:\/\/binderdental.at\/index.php?rest_route=\/wp\/v2\/pages\/2"}],"collection":[{"href":"https:\/\/binderdental.at\/index.php?rest_route=\/wp\/v2\/pages"}],"about":[{"href":"https:\/\/binderdental.at\/index.php?rest_route=\/wp\/v2\/types\/page"}],"author":[{"embeddable":true,"href":"https:\/\/binderdental.at\/index.php?rest_route=\/wp\/v2\/users\/1"}],"replies":[{"embeddable":true,"href":"https:\/\/binderdental.at\/index.php?rest_route=%2Fwp%2Fv2%2Fcomments&post=2"}],"version-history":[{"count":34,"href":"https:\/\/binderdental.at\/index.php?rest_route=\/wp\/v2\/pages\/2\/revisions"}],"predecessor-version":[{"id":175,"href":"https:\/\/binderdental.at\/index.php?rest_route=\/wp\/v2\/pages\/2\/revisions\/175"}],"wp:attachment":[{"href":"https:\/\/binderdental.at\/index.php?rest_route=%2Fwp%2Fv2%2Fmedia&parent=2"}],"curies":[{"name":"wp","href":"https:\/\/api.w.org\/{rel}","templated":true}]}}