{"id":50,"date":"2013-03-11T13:32:59","date_gmt":"2013-03-11T11:32:59","guid":{"rendered":"http:\/\/binderdental.at\/?page_id=50"},"modified":"2023-05-16T15:09:57","modified_gmt":"2023-05-16T13:09:57","slug":"betrieb-auszeichnungen","status":"publish","type":"page","link":"https:\/\/binderdental.at\/?page_id=50","title":{"rendered":"BETRIEB, AUSZEICHNUNGEN"},"content":{"rendered":"<p><strong>Unser Betrieb<br \/>\n<\/strong><br \/>\n1978: Gr\u00fcndung des Dentallabors durch Dieter Binder<br \/>\n1991: Meisterpr\u00fcfung von Uwe Binder, ab diesem Zeitpunkt Junior-Partner<br \/>\n1993: \u00dcbersiedlung in das neue Dentallabor im Keltenweg<br \/>\n1998: \u00dcbernahme des Betriebs durch Uwe Binder<\/p>\n<p><strong>Zertifikate<\/strong><\/p>\n<p>Experte f\u00fcr Implantatprothetik<strong><\/strong><\/p>\n<p><a href=\"https:\/\/binderdental.at\/wp-content\/uploads\/2013\/03\/impl-mu\u0308nchen.jpg\"><img decoding=\"async\" loading=\"lazy\" class=\"alignnone size-medium wp-image-150\" alt=\"impl mu\u0308nchen\" src=\"https:\/\/binderdental.at\/wp-content\/uploads\/2013\/03\/impl-mu\u0308nchen-212x300.jpg\" width=\"212\" height=\"300\" srcset=\"https:\/\/binderdental.at\/wp-content\/uploads\/2013\/03\/impl-mu\u0308nchen-212x300.jpg 212w, https:\/\/binderdental.at\/wp-content\/uploads\/2013\/03\/impl-mu\u0308nchen-724x1024.jpg 724w, https:\/\/binderdental.at\/wp-content\/uploads\/2013\/03\/impl-mu\u0308nchen.jpg 1654w\" sizes=\"(max-width: 212px) 100vw, 212px\" \/><\/a><\/p>\n","protected":false},"excerpt":{"rendered":"<p>Unser Betrieb 1978: Gr\u00fcndung des Dentallabors durch Dieter Binder 1991: Meisterpr\u00fcfung von Uwe Binder, ab diesem Zeitpunkt Junior-Partner 1993: \u00dcbersiedlung in das neue Dentallabor im Keltenweg 1998: \u00dcbernahme des Betriebs durch Uwe Binder Zertifikate Experte f\u00fcr Implantatprothetik<\/p>\n","protected":false},"author":1,"featured_media":0,"parent":14,"menu_order":2,"comment_status":"open","ping_status":"closed","template":"","meta":{"ngg_post_thumbnail":0,"footnotes":""},"_links":{"self":[{"href":"https:\/\/binderdental.at\/index.php?rest_route=\/wp\/v2\/pages\/50"}],"collection":[{"href":"https:\/\/binderdental.at\/index.php?rest_route=\/wp\/v2\/pages"}],"about":[{"href":"https:\/\/binderdental.at\/index.php?rest_route=\/wp\/v2\/types\/page"}],"author":[{"embeddable":true,"href":"https:\/\/binderdental.at\/index.php?rest_route=\/wp\/v2\/users\/1"}],"replies":[{"embeddable":true,"href":"https:\/\/binderdental.at\/index.php?rest_route=%2Fwp%2Fv2%2Fcomments&post=50"}],"version-history":[{"count":15,"href":"https:\/\/binderdental.at\/index.php?rest_route=\/wp\/v2\/pages\/50\/revisions"}],"predecessor-version":[{"id":91,"href":"https:\/\/binderdental.at\/index.php?rest_route=\/wp\/v2\/pages\/50\/revisions\/91"}],"up":[{"embeddable":true,"href":"https:\/\/binderdental.at\/index.php?rest_route=\/wp\/v2\/pages\/14"}],"wp:attachment":[{"href":"https:\/\/binderdental.at\/index.php?rest_route=%2Fwp%2Fv2%2Fmedia&parent=50"}],"curies":[{"name":"wp","href":"https:\/\/api.w.org\/{rel}","templated":true}]}}